{"id":819,"date":"2024-01-10T08:35:33","date_gmt":"2024-01-10T08:35:33","guid":{"rendered":"https:\/\/british.edu.pl\/sochaczew\/?page_id=819"},"modified":"2025-08-25T09:21:34","modified_gmt":"2025-08-25T09:21:34","slug":"tlumaczenia","status":"publish","type":"page","link":"https:\/\/british.edu.pl\/sochaczew\/tlumaczenia\/","title":{"rendered":"T\u0142umaczenia"},"content":{"rendered":"\n    \n    <section class=\"u-clearfix u-section-2\" id=\"sec-3718\">\n      <div class=\"u-clearfix u-sheet u-sheet-1\">\n        <div class=\"data-layout-selected u-clearfix u-expanded-width u-layout-wrap u-layout-wrap-1\">\n          <div class=\"u-layout\">\n            <div class=\"u-layout-row\">\n              <div class=\"u-container-style u-layout-cell u-size-38 u-layout-cell-1\">\n                <div class=\"u-container-layout u-container-layout-1\">\n                  <h2 class=\"u-text u-text-default u-text-1\"> Profesjonalne T\u0142umaczenia - Zwyk\u0142e i Przysi\u0119g\u0142e<\/h2>\n                  <p class=\"u-text u-text-default u-text-2\"> W British House Sochaczew oferujemy profesjonalne us\u0142ugi t\u0142umaczeniowe, zar\u00f3wno zwyk\u0142e, jak i przysi\u0119g\u0142e. Specjalizujemy si\u0119 w t\u0142umaczeniu dokument\u00f3w oficjalnych oraz pism prywatnych, gwarantuj\u0105c najwy\u017csz\u0105 jako\u015b\u0107 i poufno\u015b\u0107.<\/p>\n                  <p class=\"u-text u-text-default u-text-3\">\n                    <span style=\"font-weight: 700;\"> Szeroki Zakres Us\u0142ug<\/span>\n                    <br>Oferujemy t\u0142umaczenia zwyk\u0142e i przysi\u0119g\u0142e wszelkiego rodzaju dokument\u00f3w - od \u015bwiadectw, akt\u00f3w ma\u0142\u017ce\u0144stwa, urodzenia, zgonu, pe\u0142nomocnictw, po umowy handlowe i inne dokumenty oficjalne oraz pisma prywatne, a gotowe t\u0142umaczenia mog\u0105 by\u0107 dostarczone zar\u00f3wno w formie wydrukowanej, jak i elektronicznej, w zale\u017cno\u015bci od Pa\u0144stwa preferencji.<br>\n                    <br>\n                    <span style=\"font-weight: 700;\">Poufno\u015b\u0107 i ochrona prywatno\u015bci<\/span>\n                    <br>Zdajemy sobie spraw\u0119 z wagi dokument\u00f3w, kt\u00f3re nam powierzacie. Dlatego zapewniamy pe\u0142n\u0105 poufno\u015b\u0107 i ochron\u0119 Pa\u0144stwa danych osobowych oraz dokument\u00f3w. Ka\u017cde zlecenie realizujemy sumiennie i terminowo, respektuj\u0105c ustalone terminy.<br>\n                    <br>\n                    <span style=\"font-weight: 700;\">Kompetencje t\u0142umaczy<\/span>\n                    <br>Nasi t\u0142umacze to wysoko wykwalifikowani profesjonali\u015bci, kt\u00f3rzy posiadaj\u0105 nie tylko odpowiednie kwalifikacje, ale r\u00f3wnie\u017c bogate do\u015bwiadczenie w zakresie t\u0142umacze\u0144. Ich wiedza i umiej\u0119tno\u015bci gwarantuj\u0105 najwy\u017csz\u0105 jako\u015b\u0107 przek\u0142adu.&nbsp;<br>\n                  <\/p>\n                <\/div>\n              <\/div>\n              <div class=\"u-container-style u-layout-cell u-size-22 u-layout-cell-2\">\n                <div class=\"u-container-layout u-container-layout-2\">\n                  <img decoding=\"async\" class=\"u-expanded-width u-image u-image-default u-image-1\" src=\"https:\/\/british.edu.pl\/sochaczew\/wp-content\/uploads\/2024\/01\/person-conducting-online-psychologist-therapy1.jpg\" alt=\"\" data-image-width=\"1500\" data-image-height=\"1000\">\n                  <h2 class=\"u-text u-text-palette-1-base u-text-4\">Cennik<\/h2>\n                  <ul class=\"u-custom-list u-text u-text-5\">\n                    <li>\n                      <div class=\"u-list-icon u-text-palette-1-base\">\n                        <svg class=\"u-svg-content\" viewBox=\"0 0 512 512\" id=\"svg-af97\"><path d=\"m433.1 67.1-231.8 231.9c-6.2 6.2-16.4 6.2-22.6 0l-99.8-99.8-78.9 78.8 150.5 150.5c10.5 10.5 24.6 16.3 39.4 16.3 14.8 0 29-5.9 39.4-16.3l282.7-282.5z\" fill=\"currentColor\"><\/path><\/svg>\n                      <\/div> 99z\u0142 jedna strona t\u0142umaczeniowa: (1800 znak\u00f3w dla t\u0142umaczenia zwyk\u0142ego i 1125 znak\u00f3w dla t\u0142umaczenia przysi\u0119g\u0142ego)\n                    <\/li>\n                  <\/ul>\n                  <p class=\"u-text u-text-6\"> Zach\u0119camy do kontaktu z naszym biurem w celu uzyskania szczeg\u00f3\u0142owej oferty oraz indywidualnej wyceny t\u0142umaczenia, dostosowanej do Pa\u0144stwa konkretnych potrzeb.&nbsp;&nbsp;<br>\n                  <\/p>\n                <\/div>\n              <\/div>\n            <\/div>\n          <\/div>\n        <\/div>\n      <\/div>\n    <\/section>\n    \n    \n    \n  \n","protected":false},"excerpt":{"rendered":"<p>Profesjonalne T\u0142umaczenia &#8211; Zwyk\u0142e i Przysi\u0119g\u0142e W British House Sochaczew oferujemy profesjonalne us\u0142ugi t\u0142umaczeniowe, zar\u00f3wno zwyk\u0142e, jak i przysi\u0119g\u0142e. Specjalizujemy si\u0119 w t\u0142umaczeniu dokument\u00f3w oficjalnych oraz pism prywatnych, gwarantuj\u0105c najwy\u017csz\u0105 jako\u015b\u0107 i poufno\u015b\u0107. Szeroki Zakres Us\u0142ug Oferujemy t\u0142umaczenia zwyk\u0142e i przysi\u0119g\u0142e wszelkiego rodzaju dokument\u00f3w &#8211; od \u015bwiadectw, akt\u00f3w ma\u0142\u017ce\u0144stwa, urodzenia, zgonu, pe\u0142nomocnictw, po umowy handlowe &hellip; <a href=\"https:\/\/british.edu.pl\/sochaczew\/tlumaczenia\/\" class=\"more-link\">Continue reading<span class=\"screen-reader-text\"> &#8222;T\u0142umaczenia&#8221;<\/span><\/a><\/p>\n","protected":false},"author":1,"featured_media":0,"parent":0,"menu_order":0,"comment_status":"closed","ping_status":"closed","template":"","meta":{"footnotes":""},"_links":{"self":[{"href":"https:\/\/british.edu.pl\/sochaczew\/wp-json\/wp\/v2\/pages\/819"}],"collection":[{"href":"https:\/\/british.edu.pl\/sochaczew\/wp-json\/wp\/v2\/pages"}],"about":[{"href":"https:\/\/british.edu.pl\/sochaczew\/wp-json\/wp\/v2\/types\/page"}],"author":[{"embeddable":true,"href":"https:\/\/british.edu.pl\/sochaczew\/wp-json\/wp\/v2\/users\/1"}],"replies":[{"embeddable":true,"href":"https:\/\/british.edu.pl\/sochaczew\/wp-json\/wp\/v2\/comments?post=819"}],"version-history":[{"count":7,"href":"https:\/\/british.edu.pl\/sochaczew\/wp-json\/wp\/v2\/pages\/819\/revisions"}],"predecessor-version":[{"id":1618,"href":"https:\/\/british.edu.pl\/sochaczew\/wp-json\/wp\/v2\/pages\/819\/revisions\/1618"}],"wp:attachment":[{"href":"https:\/\/british.edu.pl\/sochaczew\/wp-json\/wp\/v2\/media?parent=819"}],"curies":[{"name":"wp","href":"https:\/\/api.w.org\/{rel}","templated":true}]}}