{"id":770,"date":"2024-01-08T14:08:55","date_gmt":"2024-01-08T14:08:55","guid":{"rendered":"https:\/\/british.edu.pl\/lowicz\/?page_id=770"},"modified":"2024-02-26T10:59:30","modified_gmt":"2024-02-26T10:59:30","slug":"polityka-prywatnosci","status":"publish","type":"page","link":"https:\/\/british.edu.pl\/lowicz\/polityka-prywatnosci\/","title":{"rendered":"Polityka prywatno\u015bci"},"content":{"rendered":"\n    \n    <section class=\"u-clearfix u-section-2\" id=\"sec-9e6e\">\n      <div class=\"u-clearfix u-sheet u-sheet-1\">\n        <h2 class=\"u-align-center u-text u-text-default u-text-1\">Polityka prywatno\u015bci<\/h2>\n        <p class=\"u-align-left u-text u-text-default u-text-2\">\n          <span style=\"font-weight: 700;\"> 1. Postanowienia og\u00f3lne<\/span>\n          <br>\n          <br>Administratorem danych jest British School Sochaczew \u2013British House Sp. z o.o. NIP: 8371876860, REGON: 525332371. Ochrona danych odbywa si\u0119 zgodnie z wymogami powszechnie obowi\u0105zuj\u0105cych przepis\u00f3w prawa, a ich przechowywanie ma miejsce na zabezpieczonych serwerach.<br>\n          <br>Dla interpretacji termin\u00f3w stosuje si\u0119 s\u0142owniczek Regulaminu lub tak jak zosta\u0142o to opisane w Polityce Prywatno\u015bci (je\u017celi wynika to bezpo\u015brednio z opisu).<br>\n          <br>Na potrzeby lepszego odbioru Polityki Prywatno\u015bci termin \u201eU\u017cytkownik\u201d zosta\u0142o zast\u0105pione okre\u015bleniem \u201eTy\u201d,  \u201eUs\u0142ugodawca\u201d \u2013 \u201eMy\u201d lub \u201eBritish School Sochaczew\u201d. Termin \u201eRODO\u201d oznacza Rozporz\u0105dzenie Parlamentu Europejskiego i Rady (UE) 2016\/679 z dnia 27 kwietnia 2016 r. w sprawie ochrony os\u00f3b fizycznych w zwi\u0105zku z przetwarzaniem danych osobowych i w sprawie swobodnego przep\u0142ywu takich danych oraz uchylenia dyrektywy 95\/46\/WE.<br>\n          <br>W przypadku os\u00f3b, kt\u00f3re odwiedzaj\u0105 Serwis, ale nie s\u0105 U\u017cytkownikami, postanowienia Polityki Prywatno\u015bci stosuje si\u0119 zgodnie z aktualnie obowi\u0105zuj\u0105c\u0105 wersj\u0105 dost\u0119pn\u0105 w Serwisie. Korzystanie z Serwisu oznacza akceptacj\u0119 warunk\u00f3w. <br>Szanujemy prawo do prywatno\u015bci i dbamy o bezpiecze\u0144stwo danych. W tym celu u\u017cywany jest m.in. bezpieczny protok\u00f3\u0142 szyfrowania komunikacji na etapie Rejestracji, logowania, korzystania z Aplikacji (SSL). <br>\n          <br>\n          <span style=\"font-weight: 700;\">2. Administrator Danych<\/span>\n          <br>\n          <br>Us\u0142ugodawca jest administratorem danych swoich klient\u00f3w. Oznacza to, \u017ce je\u015bli posiadasz Konto na naszej stronie, to przetwarzamy Twoje dane jak: imi\u0119, nazwisko, adres e-mail, numer telefonu, grupa wiekowa, poziom znajomo\u015bci j\u0119zyka obcego, adres IP.<br>\n          <br>Dane osobowe przetwarzane s\u0105 zgodnie z przepisami dotycz\u0105cymi ochrony danych osobowych, zgodnie z wdro\u017con\u0105 Polityk\u0105 Prywatno\u015bci oraz w zakresie i celu niezb\u0119dnym do nawi\u0105zania, ukszta\u0142towania tre\u015bci Umowy, zmiany b\u0105d\u017a jej rozwi\u0105zania oraz prawid\u0142owej realizacji Us\u0142ug \u015bwiadczonych w ramach kurs\u00f3w stacjonarnych lub drog\u0105 elektroniczn\u0105, w zakresie i celu niezb\u0119dnym do wype\u0142nienia uzasadnionych interes\u00f3w (prawnie usprawiedliwionych cel\u00f3w), a przetwarzanie nie narusza praw i wolno\u015bci osoby, kt\u00f3rej dane dotycz\u0105.<br>\n          <br>Ka\u017cda osoba, kt\u00f3rej dane dotycz\u0105 (je\u017celi jeste\u015bmy ich administratorem) ma prawo dost\u0119pu do danych, sprostowania, usuni\u0119cia lub ograniczenia przetwarzania, prawo sprzeciwu, prawo wniesienia skargi do organu nadzorczego.<br>\n          <br>Kontakt z osob\u0105 nadzoruj\u0105c\u0105 przetwarzanie danych osobowych w organizacji Us\u0142ugodawcy jest mo\u017cliwy drog\u0105 elektroniczn\u0105 pod adresem e-mail: sochaczew@britishschool.pl.<br>\n          <br>Zastrzegamy sobie prawo do przetwarzania Twoich danych po rozwi\u0105zaniu Umowy lub cofni\u0119ciu zgody tylko w zakresie na potrzeby dochodzenia ewentualnych roszcze\u0144 przed s\u0105dem lub je\u017celi przepisy krajowe albo unijne b\u0105d\u017a prawa mi\u0119dzynarodowego obliguj\u0105 nas do retencji danych.<br>\n          <br>Us\u0142ugodawca ma r\u00f3wnie\u017c prawo udost\u0119pnia\u0107 dane osobowe U\u017cytkownika oraz innych jego danych podmiotom upowa\u017cnionym na podstawie w\u0142a\u015bciwych przepis\u00f3w prawa (np. organom \u015bcigania).<br>\n          <br>Usuni\u0119cie danych osobowych mo\u017ce nast\u0105pi\u0107 na skutek cofni\u0119cia zgody b\u0105d\u017a wniesienia prawnie dopuszczalnego sprzeciwu na przetwarzanie danych osobowych.<br>\n          <br>Us\u0142ugodawca nie udost\u0119pniania danych osobowych innym podmiotom ani\u017celi upowa\u017cnionym na podstawie w\u0142a\u015bciwych przepis\u00f3w prawa. <br>Wdro\u017cyli\u015bmy anonimizacj\u0119, szyfrowanie danych oraz mamy wprowadzon\u0105 kontrol\u0119 dost\u0119pu dzi\u0119ki czemu minimalizujemy skutki ewentualnego naruszenia bezpiecze\u0144stwa danych.<br>\n          <br>Dane osobowe przetwarzaj\u0105 osoby wy\u0142\u0105cznie upowa\u017cnione przez nas albo przetwarzaj\u0105cy, z kt\u00f3rymi \u015bci\u015ble wsp\u00f3\u0142pracujemy.<br>\n          <br>Korzystamy z tzw. plik\u00f3w cookies, kt\u00f3re stanowi\u0105 pliki informacji przechowywane lokalnie na twoim komputerze i korzystaj\u0105c w jego ramach z oferowanych us\u0142ug. U\u017cywanie cookies umo\u017cliwia nam dostosowanie \u015bwiadczonych us\u0142ug i prezentowanych tre\u015bci do twoich indywidualnych zainteresowa\u0144, wymaga\u0144 i potrzeb. Cookies wykorzystywane s\u0105 tak\u017ce w celach statystycznych maj\u0105cych obrazowa\u0107 spos\u00f3b korzystania z Serwisu przez odwiedzaj\u0105ce go osoby. Posiadasz mo\u017cliwo\u015b\u0107 wy\u0142\u0105czenia (zablokowania) w swojej przegl\u0105darce opcji przyjmowania cookies poprzez zmian\u0119 ustawie\u0144 przegl\u0105darki, co ogranicza jednak zakres naszego funkcjonowania, a w rezultacie mo\u017cesz doprowadzi\u0107 do niew\u0142a\u015bciwego funkcjonowania naszego serwisu. Szczeg\u00f3\u0142owe informacje na temat plik\u00f3w cookies, cel\u00f3w ich wykorzystania jak r\u00f3wnie\u017c mo\u017cliwo\u015bci zarz\u0105dzania plikami cookies znajdziesz w Polityce plik\u00f3w cookies.<br>\n          <br>Niniejszy dokument dotyczy jedynie naszego serwisu. W naszym serwisie mo\u017cesz znale\u017a\u0107 odno\u015bniki do innych stron WWW. Nie mamy wp\u0142ywu na zasady prywatno\u015bci obowi\u0105zuj\u0105ce w ramach stron WWW,  na kt\u00f3re b\u0119dziesz wchodzi\u0142 poprzez linki zamieszczone na stronie innego Serwisu. Wchodz\u0105c poprzez linki umieszczone w<br>\n          <br>ramach naszego Serwisu na inne strony WWW powiniene\u015b zapozna\u0107 si\u0119 z polityk\u0105 prywatno\u015bci obowi\u0105zuj\u0105c\u0105 w ramach tych stron.<br>\n          <br>\n          <span style=\"font-weight: 700;\">3. Polityka plik\u00f3w cookies<\/span>\n          <br>\n          <br>W plikach cookies przechowuje si\u0119 informacje, kt\u00f3rych Serwis mo\u017ce potrzebowa\u0107, aby dostosowa\u0107 si\u0119 do sposob\u00f3w korzystania z niego przez u\u017cytkownik\u00f3w oraz by zbiera\u0107 dane statystyczne dotycz\u0105ce Serwisu, np. na temat tego, kt\u00f3re strony by\u0142y odwiedzane, jakie elementy s\u0105 pobierane, oraz dane o nazwie domeny dostawcy us\u0142ug internetowych czy kraju pochodzenia osoby odwiedzaj\u0105cej.<br>\n          <br>Pliki cookies Serwisu nie s\u0105 szkodliwe ani dla twojego komputera i danych, dlatego zalecamy niewy\u0142\u0105czanie ich obs\u0142ugi w przegl\u0105darkach. Administrator nie odpowiada za zawarto\u015b\u0107 plik\u00f3w cookies wysy\u0142anych przez inne strony internetowe, do kt\u00f3rych linki mog\u0105 by\u0107 umieszczone na stronach Serwisu.<br>\n          <br>Korzystamy tak\u017ce ze standardowych plik\u00f3w dziennika serwera sieciowego do liczenia os\u00f3b odwiedzaj\u0105cych Serwis oraz do oceny mo\u017cliwo\u015bci technicznych. Dane te s\u0105 w pe\u0142ni zanonimizowane. U\u017cywamy tych informacji, aby ustali\u0107, ile os\u00f3b odwiedza Serwis oraz \u017ceby dostosowa\u0107 strony w spos\u00f3b najbardziej przyjazny dla u\u017cytkownika i sprawi\u0107, \u017ceby Serwis by\u0142 prostszy i bardziej u\u017cyteczny w obs\u0142udze.<br>\n          <br>\n          <span style=\"font-weight: 700;\">4. Newsletter<\/span>\n          <br>\n          <br>- Osoba zapisana na newsletter mo\u017ce si\u0119 z niego wypisa\u0107 klikaj\u0105c przycisk \u201eanulowa\u0107 subskrypcj\u0119\u201d na dole ka\u017cdej wiadomo\u015bci z newslettera. <br>- Newsletter wysy\u0142any jest e-mailem.<br>\n          <br>\n          <span style=\"font-weight: 700;\">5. Postanowienia ko\u0144cowe<\/span>\n          <br>\n          <br>Us\u0142ugi i funkcje w ramach Serwisu b\u0119d\u0105 z czasem ulega\u0107 rozszerzeniu. Oznacza to m.in., \u017ce w przysz\u0142o\u015bci British School Sochaczew mo\u017ce wprowadzi\u0107 zmiany w niniejszym dokumencie. Og\u0142oszenie zmian nast\u0105pi w ten spos\u00f3b, \u017ce informacj\u0119 o zmianach w Polityce Prywatno\u015bci zostan\u0105 umieszczone w ramach Serwisu. Wraz z ka\u017cd\u0105 zmian\u0105, nowa wersja Polityki Prywatno\u015bci b\u0119dzie si\u0119 pojawia\u0107 z now\u0105 dat\u0105. Wszelkie najistotniejsze zmiany b\u0119d\u0105 odpowiednio wyr\u00f3\u017cnione. Niniejszy dokument ma charakter informacyjny.\n        <\/p>\n      <\/div>\n    <\/section>\n    \n    \n    \n  \n","protected":false},"excerpt":{"rendered":"<p>Polityka prywatno\u015bci 1. Postanowienia og\u00f3lne Administratorem danych jest British School Sochaczew \u2013British House Sp. z o.o. NIP: 8371876860, REGON: 525332371. Ochrona danych odbywa si\u0119 zgodnie z wymogami powszechnie obowi\u0105zuj\u0105cych przepis\u00f3w prawa, a ich przechowywanie ma miejsce na zabezpieczonych serwerach. Dla interpretacji termin\u00f3w stosuje si\u0119 s\u0142owniczek Regulaminu lub tak jak zosta\u0142o to opisane w Polityce Prywatno\u015bci &hellip; <a href=\"https:\/\/british.edu.pl\/lowicz\/polityka-prywatnosci\/\" class=\"more-link\">Continue reading<span class=\"screen-reader-text\"> &#8222;Polityka prywatno\u015bci&#8221;<\/span><\/a><\/p>\n","protected":false},"author":1,"featured_media":0,"parent":0,"menu_order":0,"comment_status":"closed","ping_status":"closed","template":"","meta":{"footnotes":""},"_links":{"self":[{"href":"https:\/\/british.edu.pl\/lowicz\/wp-json\/wp\/v2\/pages\/770"}],"collection":[{"href":"https:\/\/british.edu.pl\/lowicz\/wp-json\/wp\/v2\/pages"}],"about":[{"href":"https:\/\/british.edu.pl\/lowicz\/wp-json\/wp\/v2\/types\/page"}],"author":[{"embeddable":true,"href":"https:\/\/british.edu.pl\/lowicz\/wp-json\/wp\/v2\/users\/1"}],"replies":[{"embeddable":true,"href":"https:\/\/british.edu.pl\/lowicz\/wp-json\/wp\/v2\/comments?post=770"}],"version-history":[{"count":5,"href":"https:\/\/british.edu.pl\/lowicz\/wp-json\/wp\/v2\/pages\/770\/revisions"}],"predecessor-version":[{"id":1226,"href":"https:\/\/british.edu.pl\/lowicz\/wp-json\/wp\/v2\/pages\/770\/revisions\/1226"}],"wp:attachment":[{"href":"https:\/\/british.edu.pl\/lowicz\/wp-json\/wp\/v2\/media?parent=770"}],"curies":[{"name":"wp","href":"https:\/\/api.w.org\/{rel}","templated":true}]}}